{"id":7,"date":"2023-05-22T11:42:26","date_gmt":"2023-05-22T11:42:26","guid":{"rendered":"https:\/\/isheibiza.com\/?page_id=7"},"modified":"2023-05-22T13:16:14","modified_gmt":"2023-05-22T13:16:14","slug":"ishe-ibiza","status":"publish","type":"page","link":"https:\/\/isheibiza.com\/","title":{"rendered":"Ishe Ibiza"},"content":{"rendered":"<p>[et_pb_section fb_built=\u00bb1&#8243; theme_builder_area=\u00bbpost_content\u00bb _builder_version=\u00bb4.18.0&#8243; _module_preset=\u00bbdefault\u00bb title_text=\u00bbsea-shells-2021-08-26-23-04-17-utc\u00bb background_image=\u00bbhttps:\/\/isheibiza.com\/wp-content\/uploads\/2023\/05\/sea-shells-2021-08-26-23-04-17-utc.jpg\u00bb hover_enabled=\u00bb0&#8243; sticky_enabled=\u00bb0&#8243; custom_padding=\u00bb||14px|||\u00bb][et_pb_row _builder_version=\u00bb4.18.0&#8243; _module_preset=\u00bbdefault\u00bb theme_builder_area=\u00bbpost_content\u00bb custom_margin=\u00bb4px|auto||auto||\u00bb width=\u00bb95%\u00bb max_width_last_edited=\u00bbon|phone\u00bb hover_enabled=\u00bb0&#8243; sticky_enabled=\u00bb0&#8243; max_width_tablet=\u00bb1700%\u00bb max_width_phone=\u00bb1700%\u00bb][et_pb_column _builder_version=\u00bb4.18.0&#8243; _module_preset=\u00bbdefault\u00bb type=\u00bb4_4&#8243; theme_builder_area=\u00bbpost_content\u00bb][et_pb_text _builder_version=\u00bb4.18.0&#8243; _module_preset=\u00bbdefault\u00bb hover_enabled=\u00bb0&#8243; sticky_enabled=\u00bb0&#8243; header_font=\u00bbPlayfair Display||||||||\u00bb header_line_height=\u00bb1.5em\u00bb background_color=\u00bbrgba(255,255,255,0.9)\u00bb border_radii=\u00bboff||6vw||6vw\u00bb custom_padding=\u00bb15px|15px|15px|15px|true|true\u00bb box_shadow_style=\u00bbpreset2&#8243; header_2_font=\u00bbVolkhov||||||||\u00bb header_2_font_size=\u00bb23px\u00bb theme_builder_area=\u00bbpost_content\u00bb]<\/p>\n<h1 style=\"text-align: center;\">ESTAMOS TRABAJANDO EN NUESTRO SITIO WEB<\/h1>\n<h2 style=\"text-align: center;\">Pr\u00f3ximamente estar\u00e1 disponible nuestra nueva colecci\u00f3n de moda y accesorios<\/h2>\n<h2 style=\"text-align: center;\"><span>Ishe Ibiza<\/span><\/h2>\n<p>[\/et_pb_text][et_pb_image src=\u00bbhttps:\/\/isheibiza.com\/wp-content\/uploads\/2023\/05\/cropped-ishe-ibiza.jpg\u00bb _builder_version=\u00bb4.18.0&#8243; _module_preset=\u00bbdefault\u00bb title_text=\u00bbcropped-ishe-ibiza.jpg\u00bb align=\u00bbcenter\u00bb width=\u00bb20%\u00bb border_radii=\u00bbon|20px|20px|20px|20px\u00bb border_width_all=\u00bb6px\u00bb border_color_all=\u00bb#ed21b3&#8243; hover_enabled=\u00bb0&#8243; sticky_enabled=\u00bb0&#8243; theme_builder_area=\u00bbpost_content\u00bb width_last_edited=\u00bbon|tablet\u00bb width_tablet=\u00bb53%\u00bb width_phone=\u00bb53%\u00bb][\/et_pb_image][\/et_pb_column][\/et_pb_row][\/et_pb_section][et_pb_section fb_built=\u00bb1&#8243; _builder_version=\u00bb4.18.0&#8243; _module_preset=\u00bbdefault\u00bb background_color=\u00bb#FFFFFF\u00bb use_background_color_gradient=\u00bbon\u00bb background_color_gradient_stops=\u00bb#ffffff 6%|rgba(255,255,255,0) 71%\u00bb background_image=\u00bbhttps:\/\/isheibiza.com\/wp-content\/uploads\/2023\/05\/handmade-dream-catcher-with-feathers-threads-and-b-2022-02-11-06-30-28-utc.jpg\u00bb background_enable_pattern_style=\u00bbon\u00bb background_pattern_style=\u00bbscallops\u00bb background_pattern_color=\u00bb#c6c6c6&#8243; background_pattern_size=\u00bbcustom\u00bb background_pattern_width=\u00bb27px\u00bb custom_padding=\u00bb6px||12px|||\u00bb top_divider_style=\u00bbwaves2&#8243; top_divider_color=\u00bb#0dbce8&#8243; top_divider_height=\u00bb21px\u00bb top_divider_repeat=\u00bb5x\u00bb bottom_divider_style=\u00bbwaves2&#8243; bottom_divider_color=\u00bb#FFFFFF\u00bb bottom_divider_height=\u00bb21px\u00bb bottom_divider_repeat=\u00bb5x\u00bb global_colors_info=\u00bb{}\u00bb][et_pb_row _builder_version=\u00bb4.21.0&#8243; _module_preset=\u00bbdefault\u00bb custom_padding=\u00bb10px||5px|||\u00bb global_colors_info=\u00bb{}\u00bb][et_pb_column type=\u00bb4_4&#8243; _builder_version=\u00bb4.21.0&#8243; _module_preset=\u00bbdefault\u00bb global_colors_info=\u00bb{}\u00bb][et_pb_button button_url=\u00bbtel:625907657&#8243; url_new_window=\u00bbon\u00bb button_text=\u00bbContacta Ahora\u00bb button_alignment=\u00bbcenter\u00bb _builder_version=\u00bb4.18.0&#8243; _module_preset=\u00bbdefault\u00bb custom_button=\u00bbon\u00bb button_text_size=\u00bb18px\u00bb button_bg_color=\u00bb#f4497c\u00bb button_border_width=\u00bb0px\u00bb button_border_color=\u00bbrgba(0,0,0,0)\u00bb button_border_radius=\u00bb100px\u00bb button_letter_spacing=\u00bb4px\u00bb button_font=\u00bbVolkhov|700|||||||\u00bb button_icon=\u00bb&#xe030;||divi||400&#8243; button_on_hover=\u00bboff\u00bb background_layout=\u00bbdark\u00bb custom_margin=\u00bb15px||5px||false|false\u00bb custom_margin_tablet=\u00bb|||0px|false|false\u00bb custom_margin_phone=\u00bb|||0px|false|false\u00bb custom_margin_last_edited=\u00bbon|phone\u00bb custom_padding=\u00bb16px|60px|16px|45px|true|false\u00bb animation_style=\u00bbfade\u00bb animation_direction=\u00bbleft\u00bb button_text_size_tablet=\u00bb15px\u00bb button_text_size_phone=\u00bb14px\u00bb button_text_size_last_edited=\u00bbon|phone\u00bb locked=\u00bboff\u00bb global_colors_info=\u00bb{}\u00bb button_text_size__hover_enabled=\u00bboff\u00bb button_one_text_size__hover_enabled=\u00bboff\u00bb button_two_text_size__hover_enabled=\u00bboff\u00bb button_text_color__hover_enabled=\u00bboff\u00bb button_one_text_color__hover_enabled=\u00bboff\u00bb button_two_text_color__hover_enabled=\u00bboff\u00bb button_border_width__hover_enabled=\u00bboff\u00bb button_one_border_width__hover_enabled=\u00bboff\u00bb button_two_border_width__hover_enabled=\u00bboff\u00bb button_border_color__hover_enabled=\u00bboff\u00bb button_one_border_color__hover_enabled=\u00bboff\u00bb button_two_border_color__hover_enabled=\u00bboff\u00bb button_border_radius__hover_enabled=\u00bboff\u00bb button_one_border_radius__hover_enabled=\u00bboff\u00bb button_two_border_radius__hover_enabled=\u00bboff\u00bb button_letter_spacing__hover_enabled=\u00bboff\u00bb button_one_letter_spacing__hover_enabled=\u00bboff\u00bb button_two_letter_spacing__hover_enabled=\u00bboff\u00bb button_bg_color__hover_enabled=\u00bbon|hover\u00bb button_one_bg_color__hover_enabled=\u00bboff\u00bb button_two_bg_color__hover_enabled=\u00bboff\u00bb button_bg_color__hover=\u00bb#f56791&#8243; button_bg_enable_color__hover=\u00bbon\u00bb][\/et_pb_button][\/et_pb_column][\/et_pb_row][\/et_pb_section][et_pb_section fb_built=\u00bb1&#8243; _builder_version=\u00bb4.21.0&#8243; _module_preset=\u00bbdefault\u00bb background_color=\u00bbrgba(255,255,255,0.76)\u00bb background_enable_image=\u00bboff\u00bb background_position=\u00bbtop_center\u00bb background_blend=\u00bboverlay\u00bb background_enable_pattern_style=\u00bbon\u00bb background_pattern_style=\u00bbscallops\u00bb background_pattern_color=\u00bbrgba(102,102,102,0.08)\u00bb custom_padding=\u00bb26px||8px|||\u00bb global_colors_info=\u00bb{}\u00bb][et_pb_row column_structure=\u00bb1_6,1_6,1_6,1_6,1_6,1_6&#8243; use_custom_gutter=\u00bbon\u00bb gutter_width=\u00bb1&#8243; _builder_version=\u00bb4.21.0&#8243; _module_preset=\u00bbdefault\u00bb width=\u00bb100%\u00bb width_tablet=\u00bb80%\u00bb width_phone=\u00bb\u00bb width_last_edited=\u00bbon|phone\u00bb max_width=\u00bb100%\u00bb custom_margin=\u00bb45px|auto||auto||\u00bb custom_margin_tablet=\u00bb0px||||false|false\u00bb custom_margin_phone=\u00bb0px||||false|false\u00bb custom_margin_last_edited=\u00bbon|tablet\u00bb custom_padding=\u00bb||80px|||\u00bb saved_tabs=\u00bball\u00bb locked=\u00bboff\u00bb global_colors_info=\u00bb{}\u00bb][et_pb_column type=\u00bb1_6&#8243; _builder_version=\u00bb4.16&#8243; _module_preset=\u00bbdefault\u00bb global_colors_info=\u00bb{}\u00bb][et_pb_image src=\u00bbhttps:\/\/isheibiza.com\/wp-content\/uploads\/2023\/05\/204403241_4289197127804790_6375904329377478240_n.jpg\u00bb title_text=\u00bb204403241_4289197127804790_6375904329377478240_n\u00bb _builder_version=\u00bb4.18.0&#8243; _module_preset=\u00bbe4830457-3edb-4ab2-bc41-aead6d4bc634&#8243; background_enable_image=\u00bboff\u00bb box_shadow_style=\u00bbpreset5&#8243; box_shadow_color=\u00bb#000000&#8243; locked=\u00bboff\u00bb global_colors_info=\u00bb{}\u00bb][\/et_pb_image][\/et_pb_column][et_pb_column type=\u00bb1_6&#8243; _builder_version=\u00bb4.16&#8243; _module_preset=\u00bbdefault\u00bb custom_padding=\u00bb||||false|false\u00bb scroll_vertical_motion_enable=\u00bbon\u00bb scroll_vertical_motion=\u00bb0|50|50|100|1|0|-1&#8243; global_colors_info=\u00bb{}\u00bb][et_pb_image src=\u00bbhttps:\/\/isheibiza.com\/wp-content\/uploads\/2023\/05\/186510219_4176203892437448_5699858552249385874_n.jpg\u00bb title_text=\u00bb186510219_4176203892437448_5699858552249385874_n\u00bb _builder_version=\u00bb4.18.0&#8243; _module_preset=\u00bbe4830457-3edb-4ab2-bc41-aead6d4bc634&#8243; background_enable_image=\u00bboff\u00bb box_shadow_style=\u00bbpreset5&#8243; box_shadow_color=\u00bb#000000&#8243; locked=\u00bboff\u00bb global_colors_info=\u00bb{}\u00bb][\/et_pb_image][\/et_pb_column][et_pb_column type=\u00bb1_6&#8243; _builder_version=\u00bb4.16&#8243; _module_preset=\u00bbdefault\u00bb global_colors_info=\u00bb{}\u00bb][et_pb_image src=\u00bbhttps:\/\/isheibiza.com\/wp-content\/uploads\/2023\/05\/182621284_4148138871910617_2146523863548579038_n.jpg\u00bb title_text=\u00bb182621284_4148138871910617_2146523863548579038_n\u00bb _builder_version=\u00bb4.18.0&#8243; _module_preset=\u00bbe4830457-3edb-4ab2-bc41-aead6d4bc634&#8243; background_enable_image=\u00bboff\u00bb box_shadow_style=\u00bbpreset5&#8243; box_shadow_color=\u00bb#000000&#8243; locked=\u00bboff\u00bb global_colors_info=\u00bb{}\u00bb][\/et_pb_image][\/et_pb_column][et_pb_column type=\u00bb1_6&#8243; _builder_version=\u00bb4.16&#8243; _module_preset=\u00bbdefault\u00bb custom_padding=\u00bb||||false|false\u00bb scroll_vertical_motion_enable=\u00bbon\u00bb scroll_vertical_motion=\u00bb0|50|50|100|1|0|-1&#8243; global_colors_info=\u00bb{}\u00bb][et_pb_image src=\u00bbhttps:\/\/isheibiza.com\/wp-content\/uploads\/2023\/05\/161680208_4021149447942894_6733116803094546284_n.jpg\u00bb title_text=\u00bb161680208_4021149447942894_6733116803094546284_n\u00bb _builder_version=\u00bb4.18.0&#8243; _module_preset=\u00bbe4830457-3edb-4ab2-bc41-aead6d4bc634&#8243; background_enable_image=\u00bboff\u00bb box_shadow_style=\u00bbpreset5&#8243; box_shadow_color=\u00bb#000000&#8243; locked=\u00bboff\u00bb global_colors_info=\u00bb{}\u00bb][\/et_pb_image][\/et_pb_column][et_pb_column type=\u00bb1_6&#8243; _builder_version=\u00bb4.16&#8243; _module_preset=\u00bbdefault\u00bb global_colors_info=\u00bb{}\u00bb][et_pb_image src=\u00bbhttps:\/\/isheibiza.com\/wp-content\/uploads\/2023\/05\/162410773_4019303444794161_2836653356974637682_n.jpg\u00bb title_text=\u00bb162410773_4019303444794161_2836653356974637682_n\u00bb _builder_version=\u00bb4.18.0&#8243; _module_preset=\u00bbe4830457-3edb-4ab2-bc41-aead6d4bc634&#8243; background_enable_image=\u00bboff\u00bb box_shadow_style=\u00bbpreset5&#8243; box_shadow_color=\u00bb#000000&#8243; locked=\u00bboff\u00bb global_colors_info=\u00bb{}\u00bb][\/et_pb_image][\/et_pb_column][et_pb_column type=\u00bb1_6&#8243; _builder_version=\u00bb4.16&#8243; _module_preset=\u00bbdefault\u00bb custom_padding=\u00bb||||false|false\u00bb scroll_vertical_motion_enable=\u00bbon\u00bb scroll_vertical_motion=\u00bb0|50|50|100|1|0|-1&#8243; global_colors_info=\u00bb{}\u00bb][et_pb_image src=\u00bbhttps:\/\/isheibiza.com\/wp-content\/uploads\/2023\/05\/161205423_4003362059721633_1603554479137661186_n.jpg\u00bb alt=\u00bbCelia Tecnicas\u00bb title_text=\u00bb161205423_4003362059721633_1603554479137661186_n\u00bb _builder_version=\u00bb4.18.0&#8243; _module_preset=\u00bbe4830457-3edb-4ab2-bc41-aead6d4bc634&#8243; background_enable_image=\u00bboff\u00bb box_shadow_style=\u00bbpreset5&#8243; box_shadow_color=\u00bb#000000&#8243; locked=\u00bboff\u00bb global_colors_info=\u00bb{}\u00bb][\/et_pb_image][\/et_pb_column][\/et_pb_row][\/et_pb_section][et_pb_section fb_built=\u00bb1&#8243; _builder_version=\u00bb4.18.0&#8243; _module_preset=\u00bbdefault\u00bb background_image=\u00bbhttps:\/\/isheibiza.com\/wp-content\/uploads\/2023\/05\/f41.png\u00bb background_size=\u00bbinitial\u00bb background_position=\u00bbtop_left\u00bb background_repeat=\u00bbrepeat-x\u00bb custom_padding=\u00bb||28px|||\u00bb border_width_top=\u00bb4px\u00bb global_colors_info=\u00bb{}\u00bb][et_pb_row _builder_version=\u00bb4.18.0&#8243; _module_preset=\u00bbdefault\u00bb custom_margin=\u00bb|auto|11px|auto||\u00bb custom_padding=\u00bb||8px|||\u00bb global_colors_info=\u00bb{}\u00bb][et_pb_column type=\u00bb4_4&#8243; _builder_version=\u00bb4.18.0&#8243; _module_preset=\u00bbdefault\u00bb global_colors_info=\u00bb{}\u00bb][et_pb_social_media_follow use_icon_font_size=\u00bbon\u00bb icon_font_size=\u00bb28px\u00bb _builder_version=\u00bb4.18.0&#8243; _module_preset=\u00bbdefault\u00bb text_orientation=\u00bbcenter\u00bb global_colors_info=\u00bb{}\u00bb][et_pb_social_media_follow_network social_network=\u00bbfacebook\u00bb url=\u00bbhttps:\/\/www.facebook.com\/IsheIbiza\u00bb icon_color=\u00bb#FFFFFF\u00bb _builder_version=\u00bb4.18.0&#8243; _module_preset=\u00bbdefault\u00bb background_color=\u00bb#000000&#8243; background_enable_color=\u00bbon\u00bb border_radii=\u00bbon|100px|100px|100px|100px\u00bb global_colors_info=\u00bb{}\u00bb follow_button=\u00bboff\u00bb url_new_window=\u00bbon\u00bb]facebook[\/et_pb_social_media_follow_network][et_pb_social_media_follow_network social_network=\u00bbinstagram\u00bb url=\u00bbhttps:\/\/www.instagram.com\/isheibiza\/?hl=es\u00bb _builder_version=\u00bb4.18.0&#8243; _module_preset=\u00bbdefault\u00bb background_color=\u00bb#000000&#8243; background_enable_color=\u00bbon\u00bb border_radii=\u00bbon|100px|100px|100px|100px\u00bb global_colors_info=\u00bb{}\u00bb follow_button=\u00bboff\u00bb url_new_window=\u00bbon\u00bb]instagram[\/et_pb_social_media_follow_network][\/et_pb_social_media_follow][\/et_pb_column][\/et_pb_row][\/et_pb_section][et_pb_section fb_built=\u00bb1&#8243; _builder_version=\u00bb4.18.0&#8243; _module_preset=\u00bbdefault\u00bb background_color=\u00bb#000000&#8243; custom_padding=\u00bb1px||0px|||\u00bb global_colors_info=\u00bb{}\u00bb][et_pb_row _builder_version=\u00bb4.18.0&#8243; _module_preset=\u00bbdefault\u00bb global_colors_info=\u00bb{}\u00bb][et_pb_column type=\u00bb4_4&#8243; _builder_version=\u00bb4.18.0&#8243; _module_preset=\u00bbdefault\u00bb global_colors_info=\u00bb{}\u00bb][et_pb_text _builder_version=\u00bb4.18.0&#8243; _module_preset=\u00bbdefault\u00bb text_font=\u00bbVolkhov||||||||\u00bb text_text_color=\u00bb#FFFFFF\u00bb global_colors_info=\u00bb{}\u00bb]<\/p>\n<p style=\"text-align: center;\">Ishe Ibiza<span>\u00a0\u00a9<\/span> 2023<\/p>\n<p>[\/et_pb_text][\/et_pb_column][\/et_pb_row][\/et_pb_section]<\/p>\n","protected":false},"excerpt":{"rendered":"<p>ESTAMOS TRABAJANDO EN NUESTRO SITIO WEB Pr\u00f3ximamente estar\u00e1 disponible nuestra nueva colecci\u00f3n de moda y accesorios Ishe IbizafacebookinstagramIshe Ibiza\u00a0\u00a9 2023<\/p>\n","protected":false},"author":1,"featured_media":0,"parent":0,"menu_order":0,"comment_status":"closed","ping_status":"closed","template":"page-template-blank.php","meta":{"_et_pb_use_builder":"on","_et_pb_old_content":"","_et_gb_content_width":"","footnotes":""},"class_list":["post-7","page","type-page","status-publish","hentry"],"_links":{"self":[{"href":"https:\/\/isheibiza.com\/index.php\/wp-json\/wp\/v2\/pages\/7","targetHints":{"allow":["GET"]}}],"collection":[{"href":"https:\/\/isheibiza.com\/index.php\/wp-json\/wp\/v2\/pages"}],"about":[{"href":"https:\/\/isheibiza.com\/index.php\/wp-json\/wp\/v2\/types\/page"}],"author":[{"embeddable":true,"href":"https:\/\/isheibiza.com\/index.php\/wp-json\/wp\/v2\/users\/1"}],"replies":[{"embeddable":true,"href":"https:\/\/isheibiza.com\/index.php\/wp-json\/wp\/v2\/comments?post=7"}],"version-history":[{"count":28,"href":"https:\/\/isheibiza.com\/index.php\/wp-json\/wp\/v2\/pages\/7\/revisions"}],"predecessor-version":[{"id":87,"href":"https:\/\/isheibiza.com\/index.php\/wp-json\/wp\/v2\/pages\/7\/revisions\/87"}],"wp:attachment":[{"href":"https:\/\/isheibiza.com\/index.php\/wp-json\/wp\/v2\/media?parent=7"}],"curies":[{"name":"wp","href":"https:\/\/api.w.org\/{rel}","templated":true}]}}